{"id":4385,"date":"2024-01-29T12:58:39","date_gmt":"2024-01-29T10:58:39","guid":{"rendered":"https:\/\/asa-ss.com\/panier\/"},"modified":"2026-04-13T13:35:25","modified_gmt":"2026-04-13T11:35:25","slug":"panier","status":"publish","type":"page","link":"https:\/\/asa-ss.com\/fr\/panier\/","title":{"rendered":"Panier"},"content":{"rendered":"\n<div data-block-name=\"woocommerce\/cart\" class=\"wp-block-woocommerce-cart alignwide is-loading\">\n<div data-block-name=\"woocommerce\/filled-cart-block\" class=\"wp-block-woocommerce-filled-cart-block\">\n<div data-block-name=\"woocommerce\/cart-items-block\" class=\"wp-block-woocommerce-cart-items-block\">\n<div data-block-name=\"woocommerce\/cart-line-items-block\" class=\"wp-block-woocommerce-cart-line-items-block\"><\/div>\n\n\n\n<div data-block-name=\"woocommerce\/cart-cross-sells-block\" class=\"wp-block-woocommerce-cart-cross-sells-block\">\n<h2 class=\"wp-block-heading has-large-font-size\">Vous pourriez \u00eatre int\u00e9ress\u00e9 par\u2026<\/h2>\n\n\n\n<div data-block-name=\"woocommerce\/cart-cross-sells-products-block\" class=\"wp-block-woocommerce-cart-cross-sells-products-block\"><\/div>\n<\/div>\n<\/div>\n\n\n\n<div data-block-name=\"woocommerce\/cart-totals-block\" class=\"wp-block-woocommerce-cart-totals-block\">\n<div data-block-name=\"woocommerce\/cart-order-summary-block\" class=\"wp-block-woocommerce-cart-order-summary-block\">\n<div data-block-name=\"woocommerce\/cart-order-summary-heading-block\" class=\"wp-block-woocommerce-cart-order-summary-heading-block\"><\/div><div data-block-name=\"woocommerce\/cart-order-summary-coupon-form-block\" class=\"wp-block-woocommerce-cart-order-summary-coupon-form-block\"><\/div><div data-block-name=\"woocommerce\/cart-order-summary-totals-block\" class=\"wp-block-woocommerce-cart-order-summary-totals-block\">\n<div data-block-name=\"woocommerce\/cart-order-summary-subtotal-block\" class=\"wp-block-woocommerce-cart-order-summary-subtotal-block\"><\/div>\n<div data-block-name=\"woocommerce\/cart-order-summary-discount-block\" class=\"wp-block-woocommerce-cart-order-summary-discount-block\"><\/div>\n<div data-block-name=\"woocommerce\/cart-order-summary-fee-block\" class=\"wp-block-woocommerce-cart-order-summary-fee-block\"><\/div>\n<div data-block-name=\"woocommerce\/cart-order-summary-shipping-block\" class=\"wp-block-woocommerce-cart-order-summary-shipping-block\"><\/div>\n<div data-block-name=\"woocommerce\/cart-order-summary-taxes-block\" class=\"wp-block-woocommerce-cart-order-summary-taxes-block\"><\/div><\/div>\n<\/div>\n\n\n\n<div data-block-name=\"woocommerce\/cart-express-payment-block\" class=\"wp-block-woocommerce-cart-express-payment-block\"><\/div>\n\n\n\n<div data-block-name=\"woocommerce\/proceed-to-checkout-block\" class=\"wp-block-woocommerce-proceed-to-checkout-block\"><\/div>\n\n\n\n<div data-block-name=\"woocommerce\/cart-accepted-payment-methods-block\" class=\"wp-block-woocommerce-cart-accepted-payment-methods-block\"><\/div>\n<\/div>\n<\/div>\n\n\n\n<div data-block-name=\"woocommerce\/empty-cart-block\" class=\"wp-block-woocommerce-empty-cart-block\">\n<h2 class=\"wp-block-heading has-text-align-center with-empty-cart-icon wc-block-cart__empty-cart__title\">Votre panier est actuellement vide !<\/h2>\n\n\n\n<hr class=\"wp-block-separator has-alpha-channel-opacity is-style-dots\"\/>\n\n\n\n<h2 class=\"wp-block-heading has-text-align-center\">Nouveau en boutique<\/h2>\n\n\n<div data-block-name=\"woocommerce\/product-new\" data-columns=\"4\" data-rows=\"1\" class=\"wc-block-grid wp-block-product-new wp-block-woocommerce-product-new wc-block-product-new has-4-columns\"><ul class=\"wc-block-grid__products\"><li class=\"wc-block-grid__product\">\n\t\t\t\t<a href=\"https:\/\/asa-ss.com\/fr\/product\/sealant-smoothing-spatula-1140-bl-ii\/\" class=\"wc-block-grid__product-link\">\n\t\t\t\t\t\n\t\t\t\t\t<div class=\"wc-block-grid__product-image\"><img fetchpriority=\"high\" decoding=\"async\" width=\"300\" height=\"300\" src=\"https:\/\/asa-ss.com\/wp-content\/uploads\/aux3\/1140_BL_II_CORRECCION_1-300x300.png\" class=\"attachment-woocommerce_thumbnail size-woocommerce_thumbnail\" alt=\"Sealant Smoothing Spatulas - Aerospace Sealant Application\" srcset=\"https:\/\/asa-ss.com\/wp-content\/uploads\/aux3\/1140_BL_II_CORRECCION_1-300x300.png 300w, https:\/\/asa-ss.com\/wp-content\/uploads\/aux3\/1140_BL_II_CORRECCION_1-1024x1024.png 1024w, https:\/\/asa-ss.com\/wp-content\/uploads\/aux3\/1140_BL_II_CORRECCION_1-150x150.png 150w, https:\/\/asa-ss.com\/wp-content\/uploads\/aux3\/1140_BL_II_CORRECCION_1-768x768.png 768w, https:\/\/asa-ss.com\/wp-content\/uploads\/aux3\/1140_BL_II_CORRECCION_1-600x600.png 600w, https:\/\/asa-ss.com\/wp-content\/uploads\/aux3\/1140_BL_II_CORRECCION_1-100x100.png 100w, https:\/\/asa-ss.com\/wp-content\/uploads\/aux3\/1140_BL_II_CORRECCION_1.png 1440w\" sizes=\"(max-width: 300px) 100vw, 300px\" \/><\/div>\n\t\t\t\t\t<div class=\"wc-block-grid__product-title\">Sealant Smoothing Spatula 20mm<\/div>\n\t\t\t\t<\/a>\n\t\t\t\t<div class=\"wc-block-grid__product-price price\">\t\t<span class=\"tiered-pricing-dynamic-price-wrapper\" data-display-context=\"shop-loop\" data-price-type=\"dynamic\" data-product-id=\"1913\" data-parent-id=\"1913\">\n\t\t\t<span class=\"woocommerce-Price-amount amount\">2,98&nbsp;<span class=\"woocommerce-Price-currencySymbol\">&euro;<\/span><\/span> &#8211; <span class=\"woocommerce-Price-amount amount\">4,25&nbsp;<span class=\"woocommerce-Price-currencySymbol\">&euro;<\/span><\/span><\/span><br>\t\t<small data-consider-sale-price=\"yes\" data-product-id=\"1913\" data-parent-id=\"1913\" class=\"tiered-pricing-you-save tiered-pricing-you-save--hidden\" style=\"color: #8ec367\"><strong>You save <span class=\"tiered-pricing-you-save__total\"><\/span><\/strong>\t\t<\/small>\n\t\t<\/div>\n\t\t\t\t\n\t\t\t\t<div class=\"wp-block-button wc-block-grid__product-add-to-cart\"><a href=\"\/fr\/wp-json\/wp\/v2\/pages\/4385?add-to-cart=1913\" aria-label=\"Ajouter au panier\u00a0: &ldquo;Sealant Smoothing Spatula 20mm&rdquo;\" data-quantity=\"1\" data-product_id=\"1913\" data-product_sku=\"1140-BL-II\" data-price=\"4.25\" rel=\"nofollow\" class=\"wp-block-button__link  add_to_cart_button ajax_add_to_cart\">Ajouter au panier<\/a><\/div>\n\t\t\t<\/li><li class=\"wc-block-grid__product\">\n\t\t\t\t<a href=\"https:\/\/asa-ss.com\/fr\/product\/138mflexible-fitting-for-difficult-access-applications-138mm\/\" class=\"wc-block-grid__product-link\">\n\t\t\t\t\t\n\t\t\t\t\t<div class=\"wc-block-grid__product-image\"><img decoding=\"async\" width=\"300\" height=\"300\" src=\"https:\/\/asa-ss.com\/wp-content\/uploads\/2024\/03\/T13864_2-300x300.png\" class=\"attachment-woocommerce_thumbnail size-woocommerce_thumbnail\" alt=\"Flexible Fitting for Difficult Access Applications (138mm) T13864 - Aerospace Sealant Applications (ASA)\" srcset=\"https:\/\/asa-ss.com\/wp-content\/uploads\/2024\/03\/T13864_2-300x300.png 300w, https:\/\/asa-ss.com\/wp-content\/uploads\/2024\/03\/T13864_2-1024x1024.png 1024w, https:\/\/asa-ss.com\/wp-content\/uploads\/2024\/03\/T13864_2-150x150.png 150w, https:\/\/asa-ss.com\/wp-content\/uploads\/2024\/03\/T13864_2-768x768.png 768w, https:\/\/asa-ss.com\/wp-content\/uploads\/2024\/03\/T13864_2-600x600.png 600w, https:\/\/asa-ss.com\/wp-content\/uploads\/2024\/03\/T13864_2-100x100.png 100w, https:\/\/asa-ss.com\/wp-content\/uploads\/2024\/03\/T13864_2.png 1440w\" sizes=\"(max-width: 300px) 100vw, 300px\" \/><\/div>\n\t\t\t\t\t<div class=\"wc-block-grid__product-title\">Flexible Fitting for Difficult Access Applications (138mm)<\/div>\n\t\t\t\t<\/a>\n\t\t\t\t<div class=\"wc-block-grid__product-price price\">\t\t<span class=\"tiered-pricing-dynamic-price-wrapper\" data-display-context=\"shop-loop\" data-price-type=\"dynamic\" data-product-id=\"1081\" data-parent-id=\"1081\">\n\t\t\t<\/span><br>\t\t<small data-consider-sale-price=\"yes\" data-product-id=\"1081\" data-parent-id=\"1081\" class=\"tiered-pricing-you-save tiered-pricing-you-save--hidden\" style=\"color: #8ec367\"><strong>You save <span class=\"tiered-pricing-you-save__total\"><\/span><\/strong>\t\t<\/small>\n\t\t<\/div>\n\t\t\t\t\n\t\t\t\t<div class=\"wp-block-button wc-block-grid__product-add-to-cart\"><a href=\"https:\/\/asa-ss.com\/fr\/product\/138mflexible-fitting-for-difficult-access-applications-138mm\/\" aria-label=\"En savoir plus sur &ldquo;Flexible Fitting for Difficult Access Applications (138mm)&rdquo;\" data-quantity=\"1\" data-product_id=\"1081\" data-product_sku=\"T13864\" data-price=\"0\" rel=\"nofollow\" class=\"wp-block-button__link  add_to_cart_button\">Lire la suite<\/a><\/div>\n\t\t\t<\/li><li class=\"wc-block-grid__product\">\n\t\t\t\t<a href=\"https:\/\/asa-ss.com\/fr\/product\/paint-applicator-stick\/\" class=\"wc-block-grid__product-link\">\n\t\t\t\t\t\n\t\t\t\t\t<div class=\"wc-block-grid__product-image\"><img decoding=\"async\" width=\"300\" height=\"300\" src=\"https:\/\/asa-ss.com\/wp-content\/uploads\/2024\/03\/702622_E-300x300.png\" class=\"attachment-woocommerce_thumbnail size-woocommerce_thumbnail\" alt=\"Paint Applicator Stick 702622-E Aerospace Sealant Application\" srcset=\"https:\/\/asa-ss.com\/wp-content\/uploads\/2024\/03\/702622_E-300x300.png 300w, https:\/\/asa-ss.com\/wp-content\/uploads\/2024\/03\/702622_E-1024x1024.png 1024w, https:\/\/asa-ss.com\/wp-content\/uploads\/2024\/03\/702622_E-150x150.png 150w, https:\/\/asa-ss.com\/wp-content\/uploads\/2024\/03\/702622_E-768x768.png 768w, https:\/\/asa-ss.com\/wp-content\/uploads\/2024\/03\/702622_E-600x600.png 600w, https:\/\/asa-ss.com\/wp-content\/uploads\/2024\/03\/702622_E-100x100.png 100w, https:\/\/asa-ss.com\/wp-content\/uploads\/2024\/03\/702622_E.png 1440w\" sizes=\"(max-width: 300px) 100vw, 300px\" \/><\/div>\n\t\t\t\t\t<div class=\"wc-block-grid__product-title\">Paint Applicator Stick<\/div>\n\t\t\t\t<\/a>\n\t\t\t\t<div class=\"wc-block-grid__product-price price\">\t\t<span class=\"tiered-pricing-dynamic-price-wrapper\" data-display-context=\"shop-loop\" data-price-type=\"dynamic\" data-product-id=\"1073\" data-parent-id=\"1073\">\n\t\t\t<span class=\"woocommerce-Price-amount amount\">1,47&nbsp;<span class=\"woocommerce-Price-currencySymbol\">&euro;<\/span><\/span> &#8211; <span class=\"woocommerce-Price-amount amount\">2,10&nbsp;<span class=\"woocommerce-Price-currencySymbol\">&euro;<\/span><\/span><\/span><br>\t\t<small data-consider-sale-price=\"yes\" data-product-id=\"1073\" data-parent-id=\"1073\" class=\"tiered-pricing-you-save tiered-pricing-you-save--hidden\" style=\"color: #8ec367\"><strong>You save <span class=\"tiered-pricing-you-save__total\"><\/span><\/strong>\t\t<\/small>\n\t\t<\/div>\n\t\t\t\t\n\t\t\t\t<div class=\"wp-block-button wc-block-grid__product-add-to-cart\"><a href=\"\/fr\/wp-json\/wp\/v2\/pages\/4385?add-to-cart=1073\" aria-label=\"Ajouter au panier\u00a0: &ldquo;Paint Applicator Stick&rdquo;\" data-quantity=\"1\" data-product_id=\"1073\" data-product_sku=\"702622-E\" data-price=\"2.1\" rel=\"nofollow\" class=\"wp-block-button__link  add_to_cart_button ajax_add_to_cart\">Ajouter au panier<\/a><\/div>\n\t\t\t<\/li><li class=\"wc-block-grid__product\">\n\t\t\t\t<a href=\"https:\/\/asa-ss.com\/fr\/product\/manual-sponge-applicator-with-wooden-shaft\/\" class=\"wc-block-grid__product-link\">\n\t\t\t\t\t\n\t\t\t\t\t<div class=\"wc-block-grid__product-image\"><img loading=\"lazy\" decoding=\"async\" width=\"300\" height=\"300\" src=\"https:\/\/asa-ss.com\/wp-content\/uploads\/2024\/03\/7080814_E_1-300x300.png\" class=\"attachment-woocommerce_thumbnail size-woocommerce_thumbnail\" alt=\"Manual Sponge Applicator with Wooden Shaft 7080814-E Aerospace Sealant Application\" srcset=\"https:\/\/asa-ss.com\/wp-content\/uploads\/2024\/03\/7080814_E_1-300x300.png 300w, https:\/\/asa-ss.com\/wp-content\/uploads\/2024\/03\/7080814_E_1-1024x1024.png 1024w, https:\/\/asa-ss.com\/wp-content\/uploads\/2024\/03\/7080814_E_1-150x150.png 150w, https:\/\/asa-ss.com\/wp-content\/uploads\/2024\/03\/7080814_E_1-768x768.png 768w, https:\/\/asa-ss.com\/wp-content\/uploads\/2024\/03\/7080814_E_1-600x600.png 600w, https:\/\/asa-ss.com\/wp-content\/uploads\/2024\/03\/7080814_E_1-100x100.png 100w, https:\/\/asa-ss.com\/wp-content\/uploads\/2024\/03\/7080814_E_1.png 1440w\" sizes=\"(max-width: 300px) 100vw, 300px\" \/><\/div>\n\t\t\t\t\t<div class=\"wc-block-grid__product-title\">Manual Sponge Applicator with Wooden Shaft<\/div>\n\t\t\t\t<\/a>\n\t\t\t\t<div class=\"wc-block-grid__product-price price\">\t\t<span class=\"tiered-pricing-dynamic-price-wrapper\" data-display-context=\"shop-loop\" data-price-type=\"dynamic\" data-product-id=\"1069\" data-parent-id=\"1069\">\n\t\t\t<span class=\"woocommerce-Price-amount amount\">2,95&nbsp;<span class=\"woocommerce-Price-currencySymbol\">&euro;<\/span><\/span> &#8211; <span class=\"woocommerce-Price-amount amount\">4,22&nbsp;<span class=\"woocommerce-Price-currencySymbol\">&euro;<\/span><\/span><\/span><br>\t\t<small data-consider-sale-price=\"yes\" data-product-id=\"1069\" data-parent-id=\"1069\" class=\"tiered-pricing-you-save tiered-pricing-you-save--hidden\" style=\"color: #8ec367\"><strong>You save <span class=\"tiered-pricing-you-save__total\"><\/span><\/strong>\t\t<\/small>\n\t\t<\/div>\n\t\t\t\t\n\t\t\t\t<div class=\"wp-block-button wc-block-grid__product-add-to-cart\"><a href=\"\/fr\/wp-json\/wp\/v2\/pages\/4385?add-to-cart=1069\" aria-label=\"Ajouter au panier\u00a0: &ldquo;Manual Sponge Applicator with Wooden Shaft&rdquo;\" data-quantity=\"1\" data-product_id=\"1069\" data-product_sku=\"7080814-E\" data-price=\"4.22\" rel=\"nofollow\" class=\"wp-block-button__link  add_to_cart_button ajax_add_to_cart\">Ajouter au panier<\/a><\/div>\n\t\t\t<\/li><\/ul><\/div><\/div>\n<\/div>\n","protected":false},"excerpt":{"rendered":"","protected":false},"author":23,"featured_media":4386,"parent":0,"menu_order":0,"comment_status":"closed","ping_status":"closed","template":"","meta":{"_acf_changed":false,"_monsterinsights_skip_tracking":false,"_monsterinsights_sitenote_active":false,"_monsterinsights_sitenote_note":"","_monsterinsights_sitenote_category":0,"footnotes":""},"class_list":["post-4385","page","type-page","status-publish","has-post-thumbnail","hentry"],"acf":[],"aioseo_notices":[],"_links":{"self":[{"href":"https:\/\/asa-ss.com\/fr\/wp-json\/wp\/v2\/pages\/4385","targetHints":{"allow":["GET"]}}],"collection":[{"href":"https:\/\/asa-ss.com\/fr\/wp-json\/wp\/v2\/pages"}],"about":[{"href":"https:\/\/asa-ss.com\/fr\/wp-json\/wp\/v2\/types\/page"}],"author":[{"embeddable":true,"href":"https:\/\/asa-ss.com\/fr\/wp-json\/wp\/v2\/users\/23"}],"replies":[{"embeddable":true,"href":"https:\/\/asa-ss.com\/fr\/wp-json\/wp\/v2\/comments?post=4385"}],"version-history":[{"count":1,"href":"https:\/\/asa-ss.com\/fr\/wp-json\/wp\/v2\/pages\/4385\/revisions"}],"predecessor-version":[{"id":4387,"href":"https:\/\/asa-ss.com\/fr\/wp-json\/wp\/v2\/pages\/4385\/revisions\/4387"}],"wp:featuredmedia":[{"embeddable":true,"href":"https:\/\/asa-ss.com\/fr\/wp-json\/wp\/v2\/media\/4386"}],"wp:attachment":[{"href":"https:\/\/asa-ss.com\/fr\/wp-json\/wp\/v2\/media?parent=4385"}],"curies":[{"name":"wp","href":"https:\/\/api.w.org\/{rel}","templated":true}]}}