{"id":4812,"date":"2024-01-30T08:55:31","date_gmt":"2024-01-30T06:55:31","guid":{"rendered":"https:\/\/asa-ss.com\/ingenieria-concurrente\/"},"modified":"2026-04-21T13:39:07","modified_gmt":"2026-04-21T11:39:07","slug":"ingenieria-concurrente","status":"publish","type":"page","link":"https:\/\/asa-ss.com\/es\/ingenieria-concurrente\/","title":{"rendered":"Ingenier\u00eda concurrente"},"content":{"rendered":"\t\t<div data-elementor-type=\"wp-page\" data-elementor-id=\"4812\" class=\"elementor elementor-4812 elementor-91\" data-elementor-post-type=\"page\">\n\t\t\t\t<div class=\"elementor-element elementor-element-5b67147 e-con-full e-flex e-con e-parent\" data-id=\"5b67147\" data-element_type=\"container\" data-e-type=\"container\">\n\t\t\t\t<div class=\"elementor-element elementor-element-18fffae elementor-widget elementor-widget-image\" data-id=\"18fffae\" data-element_type=\"widget\" data-e-type=\"widget\" data-widget_type=\"image.default\">\n\t\t\t\t<div class=\"elementor-widget-container\">\n\t\t\t\t\t\t\t\t\t\t\t\t\t\t\t<img fetchpriority=\"high\" decoding=\"async\" width=\"1472\" height=\"704\" src=\"https:\/\/asa-ss.com\/wp-content\/uploads\/2025\/11\/aircraft-heavy-maintenance-hangar-open-nose.jpg\" class=\"attachment-full size-full wp-image-4823\" alt=\"\" srcset=\"https:\/\/asa-ss.com\/wp-content\/uploads\/2025\/11\/aircraft-heavy-maintenance-hangar-open-nose.jpg 1472w, https:\/\/asa-ss.com\/wp-content\/uploads\/2025\/11\/aircraft-heavy-maintenance-hangar-open-nose-300x143.jpg 300w, https:\/\/asa-ss.com\/wp-content\/uploads\/2025\/11\/aircraft-heavy-maintenance-hangar-open-nose-1024x490.jpg 1024w, https:\/\/asa-ss.com\/wp-content\/uploads\/2025\/11\/aircraft-heavy-maintenance-hangar-open-nose-768x367.jpg 768w, https:\/\/asa-ss.com\/wp-content\/uploads\/2025\/11\/aircraft-heavy-maintenance-hangar-open-nose-600x287.jpg 600w\" sizes=\"(max-width: 1472px) 100vw, 1472px\" \/>\t\t\t\t\t\t\t\t\t\t\t\t\t\t\t<\/div>\n\t\t\t\t<\/div>\n\t\t\t\t<\/div>\n\t\t<div class=\"elementor-element elementor-element-420f8c9 e-flex e-con-boxed e-con e-parent\" data-id=\"420f8c9\" data-element_type=\"container\" data-e-type=\"container\">\n\t\t\t\t\t<div class=\"e-con-inner\">\n\t\t<div class=\"elementor-element elementor-element-1869788 e-con-full e-flex e-con e-child\" data-id=\"1869788\" data-element_type=\"container\" data-e-type=\"container\">\n\t\t\t\t<div class=\"elementor-element elementor-element-7f82beb elementor-widget__width-initial elementor-widget elementor-widget-heading\" data-id=\"7f82beb\" data-element_type=\"widget\" data-e-type=\"widget\" data-widget_type=\"heading.default\">\n\t\t\t\t<div class=\"elementor-widget-container\">\n\t\t\t\t\t<h2 class=\"elementor-heading-title elementor-size-default\">Ingenier\u00eda concurrente<\/h2>\t\t\t\t<\/div>\n\t\t\t\t<\/div>\n\t\t\t\t<\/div>\n\t\t\t\t\t<\/div>\n\t\t\t\t<\/div>\n\t\t<div class=\"elementor-element elementor-element-0d0e758 e-flex e-con-boxed e-con e-parent\" data-id=\"0d0e758\" data-element_type=\"container\" data-e-type=\"container\">\n\t\t\t\t\t<div class=\"e-con-inner\">\n\t\t\t\t<div class=\"elementor-element elementor-element-7b67698 elementor-widget elementor-widget-text-editor\" data-id=\"7b67698\" data-element_type=\"widget\" data-e-type=\"widget\" data-widget_type=\"text-editor.default\">\n\t\t\t\t<div class=\"elementor-widget-container\">\n\t\t\t\t\t\t\t\t\t<p><strong>Nuestros servicios de ingenier\u00eda concurren<\/strong>te se adaptan a las necesidades espec\u00edficas de la aplicaci\u00f3n de sellantes aeroespaciales, cubriendo todos los escenarios, desde cualquier cord\u00f3n de sellante est\u00e1ndar hasta aplicaciones complejas y personalizadas. Atendemos a l\u00edderes de la industria como <strong>Airbus y sus fabricantes de aeroestructuras Tier 1<\/strong>, ofreciendo nuestra experiencia en el proceso y los consumibles necesarios para obtener resultados \u00f3ptimos. <\/p><p>Nuestro equipo est\u00e1 disponible para dar soporte en:<\/p><ul><li>La aplicaci\u00f3n de una boquilla particular.<\/li><li>Fabricaci\u00f3n personalizada de la boquilla para adaptarse a requisitos \u00fanicos.<\/li><li>El dise\u00f1o del proceso y el equipo para una nueva l\u00ednea de producci\u00f3n.<\/li><\/ul><p>Aseguramos que nuestros clientes tengan acceso a los \u00faltimos conocimientos y tecnolog\u00eda para la aplicaci\u00f3n de sellantes aeron\u00e1uticos, proporcion\u00e1ndoles una ventaja competitiva en el mercado.<\/p>\t\t\t\t\t\t\t\t<\/div>\n\t\t\t\t<\/div>\n\t\t\t\t\t<\/div>\n\t\t\t\t<\/div>\n\t\t<div class=\"elementor-element elementor-element-4917abed e-flex e-con-boxed e-con e-parent\" data-id=\"4917abed\" data-element_type=\"container\" data-e-type=\"container\">\n\t\t\t\t\t<div class=\"e-con-inner\">\n\t\t<div class=\"elementor-element elementor-element-717ac19d e-con-full e-flex e-con e-child\" data-id=\"717ac19d\" data-element_type=\"container\" data-e-type=\"container\">\n\t\t\t\t<div class=\"elementor-element elementor-element-397219d5 elementor-widget elementor-widget-motta-heading\" data-id=\"397219d5\" data-element_type=\"widget\" data-e-type=\"widget\" data-widget_type=\"motta-heading.default\">\n\t\t\t\t<div class=\"elementor-widget-container\">\n\t\t\t\t\t\t\t<div class=\"motta-heading-elementor motta-heading__button-on\">\r\n\t\t\t\t<h2 class=\"motta-heading motta-heading--default\">\r\n\t\t\t\t\tContacta con nosotros\t\t\t\t<\/h2>\r\n\t\t\t\t\t\t\t<\/div>\r\n\t\t\t\t\t\t<\/div>\n\t\t\t\t<\/div>\n\t\t\t\t<div class=\"elementor-element elementor-element-5739679 elementor-widget elementor-widget-motta-heading\" data-id=\"5739679\" data-element_type=\"widget\" data-e-type=\"widget\" data-widget_type=\"motta-heading.default\">\n\t\t\t\t<div class=\"elementor-widget-container\">\n\t\t\t\t\t\t\t<div class=\"motta-heading-elementor motta-heading__button-on\">\r\n\t\t\t\t<p class=\"motta-heading motta-heading--default\">\r\n\t\t\t\t\tNuestro amable equipo est\u00e1 siempre disponible para charlar.\t\t\t\t<\/p>\r\n\t\t\t\t\t\t\t<\/div>\r\n\t\t\t\t\t\t<\/div>\n\t\t\t\t<\/div>\n\t\t<div class=\"elementor-element elementor-element-75479c41 e-flex e-con-boxed e-con e-child\" data-id=\"75479c41\" data-element_type=\"container\" data-e-type=\"container\">\n\t\t\t\t\t<div class=\"e-con-inner\">\n\t\t<div class=\"elementor-element elementor-element-110913e6 e-con-full e-flex e-con e-child\" data-id=\"110913e6\" data-element_type=\"container\" data-e-type=\"container\">\n\t\t\t\t<div class=\"elementor-element elementor-element-10a98825 elementor-view-default elementor-widget elementor-widget-icon\" data-id=\"10a98825\" data-element_type=\"widget\" data-e-type=\"widget\" data-widget_type=\"icon.default\">\n\t\t\t\t<div class=\"elementor-widget-container\">\n\t\t\t\t\t\t\t<div class=\"elementor-icon-wrapper\">\n\t\t\t<div class=\"elementor-icon\">\n\t\t\t<svg aria-hidden=\"true\" class=\"e-font-icon-svg e-fab-whatsapp\" viewBox=\"0 0 448 512\" xmlns=\"http:\/\/www.w3.org\/2000\/svg\"><path d=\"M380.9 97.1C339 55.1 283.2 32 223.9 32c-122.4 0-222 99.6-222 222 0 39.1 10.2 77.3 29.6 111L0 480l117.7-30.9c32.4 17.7 68.9 27 106.1 27h.1c122.3 0 224.1-99.6 224.1-222 0-59.3-25.2-115-67.1-157zm-157 341.6c-33.2 0-65.7-8.9-94-25.7l-6.7-4-69.8 18.3L72 359.2l-4.4-7c-18.5-29.4-28.2-63.3-28.2-98.2 0-101.7 82.8-184.5 184.6-184.5 49.3 0 95.6 19.2 130.4 54.1 34.8 34.9 56.2 81.2 56.1 130.5 0 101.8-84.9 184.6-186.6 184.6zm101.2-138.2c-5.5-2.8-32.8-16.2-37.9-18-5.1-1.9-8.8-2.8-12.5 2.8-3.7 5.6-14.3 18-17.6 21.8-3.2 3.7-6.5 4.2-12 1.4-32.6-16.3-54-29.1-75.5-66-5.7-9.8 5.7-9.1 16.3-30.3 1.8-3.7.9-6.9-.5-9.7-1.4-2.8-12.5-30.1-17.1-41.2-4.5-10.8-9.1-9.3-12.5-9.5-3.2-.2-6.9-.2-10.6-.2-3.7 0-9.7 1.4-14.8 6.9-5.1 5.6-19.4 19-19.4 46.3 0 27.3 19.9 53.7 22.6 57.4 2.8 3.7 39.1 59.7 94.8 83.8 35.2 15.2 49 16.5 66.6 13.9 10.7-1.6 32.8-13.4 37.4-26.4 4.6-13 4.6-24.1 3.2-26.4-1.3-2.5-5-3.9-10.5-6.6z\"><\/path><\/svg>\t\t\t<\/div>\n\t\t<\/div>\n\t\t\t\t\t\t<\/div>\n\t\t\t\t<\/div>\n\t\t\t\t<div class=\"elementor-element elementor-element-29441f1c motta-tablet-icon-box__icon-position--top motta-mobile-icon-box__icon-position--top motta-icon-box__icon-alignment--left motta-icon-box__icon-position--top elementor-widget elementor-widget-motta-icon-box\" data-id=\"29441f1c\" data-element_type=\"widget\" data-e-type=\"widget\" data-widget_type=\"motta-icon-box.default\">\n\t\t\t\t<div class=\"elementor-widget-container\">\n\t\t\t\t\t\t\t<div class=\"motta-icon-box icon-type-icon\">\r\n\t\t\t\t\t\t<div class=\"motta-icon-box__wrapper\">\r\n\t\t\t\t\t\t\t\t\t<div class=\"motta-icon-box__title\">Whatsapp<\/div>\r\n\t\t\t\t\t\t\t\t\t\t\t\t\t\t\t\t\t\t\t<a class=\"motta-button motta-button-primary  motta-button--subtle  motta-button--color-black  motta-button--medium\" href=\"https:\/\/api.whatsapp.com\/send?text=Checkout%20this%20Awesome%20page%20https:\/\/asa-ss.com\/\">\n\t\t\t\t\t\t\t\t\t\t\t\t<span class=\"motta-button__text\">Chatea con nosotros<\/span>\n\t\t\t\t\t\t<\/a>\n\t\t\t\t\t\t\t\t\t<\/div>\r\n\t\t\t\t\t<\/div>\r\n\t\t\t\t\t\t<\/div>\n\t\t\t\t<\/div>\n\t\t\t\t<\/div>\n\t\t<div class=\"elementor-element elementor-element-57867ed1 e-con-full e-flex e-con e-child\" data-id=\"57867ed1\" data-element_type=\"container\" data-e-type=\"container\">\n\t\t\t\t<div class=\"elementor-element elementor-element-5e85bed5 elementor-view-default elementor-widget elementor-widget-icon\" data-id=\"5e85bed5\" data-element_type=\"widget\" data-e-type=\"widget\" data-widget_type=\"icon.default\">\n\t\t\t\t<div class=\"elementor-widget-container\">\n\t\t\t\t\t\t\t<div class=\"elementor-icon-wrapper\">\n\t\t\t<div class=\"elementor-icon\">\n\t\t\t<svg aria-hidden=\"true\" class=\"e-font-icon-svg e-fas-phone-alt\" viewBox=\"0 0 512 512\" xmlns=\"http:\/\/www.w3.org\/2000\/svg\"><path d=\"M497.39 361.8l-112-48a24 24 0 0 0-28 6.9l-49.6 60.6A370.66 370.66 0 0 1 130.6 204.11l60.6-49.6a23.94 23.94 0 0 0 6.9-28l-48-112A24.16 24.16 0 0 0 122.6.61l-104 24A24 24 0 0 0 0 48c0 256.5 207.9 464 464 464a24 24 0 0 0 23.4-18.6l24-104a24.29 24.29 0 0 0-14.01-27.6z\"><\/path><\/svg>\t\t\t<\/div>\n\t\t<\/div>\n\t\t\t\t\t\t<\/div>\n\t\t\t\t<\/div>\n\t\t\t\t<div class=\"elementor-element elementor-element-51cf8761 motta-tablet-icon-box__icon-position--top motta-mobile-icon-box__icon-position--top motta-icon-box__icon-alignment--left motta-icon-box__icon-position--top elementor-widget elementor-widget-motta-icon-box\" data-id=\"51cf8761\" data-element_type=\"widget\" data-e-type=\"widget\" data-widget_type=\"motta-icon-box.default\">\n\t\t\t\t<div class=\"elementor-widget-container\">\n\t\t\t\t\t\t\t<div class=\"motta-icon-box icon-type-icon\">\r\n\t\t\t\t\t\t<div class=\"motta-icon-box__wrapper\">\r\n\t\t\t\t\t\t\t\t\t<div class=\"motta-icon-box__title\">Atenci\u00f3n al cliente<\/div>\r\n\t\t\t\t\t\t\t\t\t\t\t\t\t\t\t\t\t\t\t<a class=\"motta-button motta-button-primary  motta-button--subtle  motta-button--color-black  motta-button--medium\" href=\"tel:+34915191387\">\n\t\t\t\t\t\t\t\t\t\t\t\t<span class=\"motta-button__text\">+34 915 191 387<\/span>\n\t\t\t\t\t\t<\/a>\n\t\t\t\t\t\t\t\t\t<\/div>\r\n\t\t\t\t\t<\/div>\r\n\t\t\t\t\t\t<\/div>\n\t\t\t\t<\/div>\n\t\t\t\t<\/div>\n\t\t<div class=\"elementor-element elementor-element-4b55071b e-con-full e-flex e-con e-child\" data-id=\"4b55071b\" data-element_type=\"container\" data-e-type=\"container\">\n\t\t\t\t<div class=\"elementor-element elementor-element-17f25dd1 elementor-view-default elementor-widget elementor-widget-icon\" data-id=\"17f25dd1\" data-element_type=\"widget\" data-e-type=\"widget\" data-widget_type=\"icon.default\">\n\t\t\t\t<div class=\"elementor-widget-container\">\n\t\t\t\t\t\t\t<div class=\"elementor-icon-wrapper\">\n\t\t\t<div class=\"elementor-icon\">\n\t\t\t<svg aria-hidden=\"true\" class=\"e-font-icon-svg e-far-envelope\" viewBox=\"0 0 512 512\" xmlns=\"http:\/\/www.w3.org\/2000\/svg\"><path d=\"M464 64H48C21.49 64 0 85.49 0 112v288c0 26.51 21.49 48 48 48h416c26.51 0 48-21.49 48-48V112c0-26.51-21.49-48-48-48zm0 48v40.805c-22.422 18.259-58.168 46.651-134.587 106.49-16.841 13.247-50.201 45.072-73.413 44.701-23.208.375-56.579-31.459-73.413-44.701C106.18 199.465 70.425 171.067 48 152.805V112h416zM48 400V214.398c22.914 18.251 55.409 43.862 104.938 82.646 21.857 17.205 60.134 55.186 103.062 54.955 42.717.231 80.509-37.199 103.053-54.947 49.528-38.783 82.032-64.401 104.947-82.653V400H48z\"><\/path><\/svg>\t\t\t<\/div>\n\t\t<\/div>\n\t\t\t\t\t\t<\/div>\n\t\t\t\t<\/div>\n\t\t\t\t<div class=\"elementor-element elementor-element-75b65735 motta-tablet-icon-box__icon-position--top motta-mobile-icon-box__icon-position--top motta-icon-box__icon-alignment--left motta-icon-box__icon-position--top elementor-widget elementor-widget-motta-icon-box\" data-id=\"75b65735\" data-element_type=\"widget\" data-e-type=\"widget\" data-widget_type=\"motta-icon-box.default\">\n\t\t\t\t<div class=\"elementor-widget-container\">\n\t\t\t\t\t\t\t<div class=\"motta-icon-box icon-type-icon\">\r\n\t\t\t\t\t\t<div class=\"motta-icon-box__wrapper\">\r\n\t\t\t\t\t\t\t\t\t<div class=\"motta-icon-box__title\">Correo electr\u00f3nico<\/div>\r\n\t\t\t\t\t\t\t\t\t\t\t\t\t\t\t\t\t\t\t<a class=\"motta-button motta-button-primary  motta-button--subtle  motta-button--color-black  motta-button--medium\" href=\"mailto:info@asa-ss.com\">\n\t\t\t\t\t\t\t\t\t\t\t\t<span class=\"motta-button__text\">\u00a1Env\u00edanos un correo aqu\u00ed!<\/span>\n\t\t\t\t\t\t<\/a>\n\t\t\t\t\t\t\t\t\t<\/div>\r\n\t\t\t\t\t<\/div>\r\n\t\t\t\t\t\t<\/div>\n\t\t\t\t<\/div>\n\t\t\t\t<\/div>\n\t\t\t\t\t<\/div>\n\t\t\t\t<\/div>\n\t\t\t\t<\/div>\n\t\t<div class=\"elementor-element elementor-element-3d877506 e-con-full e-flex e-con e-child\" data-id=\"3d877506\" data-element_type=\"container\" data-e-type=\"container\" data-settings=\"{&quot;background_background&quot;:&quot;classic&quot;}\">\n\t\t\t\t<div class=\"elementor-element elementor-element-2aa35507 elementor-button-align-stretch elementor-widget elementor-widget-global elementor-global-5044 elementor-global-146 elementor-widget-form\" data-id=\"2aa35507\" data-element_type=\"widget\" data-e-type=\"widget\" data-settings=\"{&quot;step_next_label&quot;:&quot;Siguiente&quot;,&quot;step_previous_label&quot;:&quot;Anterior&quot;,&quot;button_width&quot;:&quot;100&quot;,&quot;step_type&quot;:&quot;number_text&quot;,&quot;step_icon_shape&quot;:&quot;circle&quot;}\" data-widget_type=\"form.default\">\n\t\t\t\t<div class=\"elementor-widget-container\">\n\t\t\t\t\t\t\t<form class=\"elementor-form\" method=\"post\" name=\"Contacto1\" aria-label=\"Contacto1\">\n\t\t\t<input type=\"hidden\" name=\"post_id\" value=\"4812\"\/>\n\t\t\t<input type=\"hidden\" name=\"form_id\" value=\"2aa35507\"\/>\n\t\t\t<input type=\"hidden\" name=\"referer_title\" value=\"\" \/>\n\n\t\t\t\n\t\t\t<div class=\"elementor-form-fields-wrapper elementor-labels-above\">\n\t\t\t\t\t\t\t\t<div class=\"elementor-field-type-text elementor-field-group elementor-column elementor-field-group-name elementor-col-50\">\n\t\t\t\t\t\t\t\t\t\t\t\t<label for=\"form-field-name\" class=\"elementor-field-label\">\n\t\t\t\t\t\t\t\tNombre\t\t\t\t\t\t\t<\/label>\n\t\t\t\t\t\t\t\t\t\t\t\t\t\t<input size=\"1\" type=\"text\" name=\"form_fields[name]\" id=\"form-field-name\" class=\"elementor-field elementor-size-sm  elementor-field-textual\" placeholder=\"\u00bfCu\u00e1l es tu nombre?\">\n\t\t\t\t\t\t\t\t\t\t\t<\/div>\n\t\t\t\t\t\t\t\t<div class=\"elementor-field-type-email elementor-field-group elementor-column elementor-field-group-email elementor-col-50 elementor-field-required\">\n\t\t\t\t\t\t\t\t\t\t\t\t<label for=\"form-field-email\" class=\"elementor-field-label\">\n\t\t\t\t\t\t\t\tCorreo electr\u00f3nico\t\t\t\t\t\t\t<\/label>\n\t\t\t\t\t\t\t\t\t\t\t\t\t\t<input size=\"1\" type=\"email\" name=\"form_fields[email]\" id=\"form-field-email\" class=\"elementor-field elementor-size-sm  elementor-field-textual\" placeholder=\"\u00bfCu\u00e1l es tu Correo Electr\u00f3nico?\" required=\"required\">\n\t\t\t\t\t\t\t\t\t\t\t<\/div>\n\t\t\t\t\t\t\t\t<div class=\"elementor-field-type-select elementor-field-group elementor-column elementor-field-group-field_4ec2305 elementor-col-100 elementor-field-required\">\n\t\t\t\t\t\t\t\t\t\t\t\t<label for=\"form-field-field_4ec2305\" class=\"elementor-field-label\">\n\t\t\t\t\t\t\t\tAsunto\t\t\t\t\t\t\t<\/label>\n\t\t\t\t\t\t\t\t<div class=\"elementor-field elementor-select-wrapper remove-before \">\n\t\t\t<div class=\"select-caret-down-wrapper\">\n\t\t\t\t<svg aria-hidden=\"true\" class=\"e-font-icon-svg e-eicon-caret-down\" viewBox=\"0 0 571.4 571.4\" xmlns=\"http:\/\/www.w3.org\/2000\/svg\"><path d=\"M571 393Q571 407 561 418L311 668Q300 679 286 679T261 668L11 418Q0 407 0 393T11 368 36 357H536Q550 357 561 368T571 393Z\"><\/path><\/svg>\t\t\t<\/div>\n\t\t\t<select name=\"form_fields[field_4ec2305]\" id=\"form-field-field_4ec2305\" class=\"elementor-field-textual elementor-size-sm\" required=\"required\">\n\t\t\t\t\t\t\t\t\t<option value=\"Consulta\">Consulta<\/option>\n\t\t\t\t\t\t\t\t\t<option value=\"Presupuesto\">Presupuesto<\/option>\n\t\t\t\t\t\t\t\t\t<option value=\"Soporte\">Soporte<\/option>\n\t\t\t\t\t\t\t\t\t<option value=\"Cat\u00e1logo\">Cat\u00e1logo<\/option>\n\t\t\t\t\t\t\t\t\t<option value=\"Colaboraci\u00f3n\">Colaboraci\u00f3n<\/option>\n\t\t\t\t\t\t\t\t\t<option value=\"Muestras\">Muestras<\/option>\n\t\t\t\t\t\t\t\t\t<option value=\"Seguimiento\">Seguimiento<\/option>\n\t\t\t\t\t\t\t\t\t<option value=\"Otro\">Otro<\/option>\n\t\t\t\t\t\t\t<\/select>\n\t\t<\/div>\n\t\t\t\t\t\t<\/div>\n\t\t\t\t\t\t\t\t<div class=\"elementor-field-type-text elementor-field-group elementor-column elementor-field-group-field_b4f5ddc elementor-col-100 elementor-field-required\">\n\t\t\t\t\t\t\t\t\t\t\t\t<label for=\"form-field-field_b4f5ddc\" class=\"elementor-field-label\">\n\t\t\t\t\t\t\t\tDescripci\u00f3n\t\t\t\t\t\t\t<\/label>\n\t\t\t\t\t\t\t\t\t\t\t\t\t\t<input size=\"1\" type=\"text\" name=\"form_fields[field_b4f5ddc]\" id=\"form-field-field_b4f5ddc\" class=\"elementor-field elementor-size-sm  elementor-field-textual\" placeholder=\"Message\" required=\"required\">\n\t\t\t\t\t\t\t\t\t\t\t<\/div>\n\t\t\t\t\t\t\t\t<div class=\"elementor-field-type-acceptance elementor-field-group elementor-column elementor-field-group-field_fcdbd95 elementor-col-100\">\n\t\t\t\t\t\t\t<div class=\"elementor-field-subgroup\">\n\t\t\t<span class=\"elementor-field-option\">\n\t\t\t\t<input type=\"checkbox\" name=\"form_fields[field_fcdbd95]\" id=\"form-field-field_fcdbd95\" class=\"elementor-field elementor-size-sm  elementor-acceptance-field\">\n\t\t\t\t<label for=\"form-field-field_fcdbd95\">Acepta nuestra pol\u00edtica de privacidad.<\/label>\t\t\t<\/span>\n\t\t<\/div>\n\t\t\t\t\t\t<\/div>\n\t\t\t\t\t\t\t\t<div class=\"elementor-field-group elementor-column elementor-field-type-submit elementor-col-100 e-form__buttons\">\n\t\t\t\t\t<button class=\"elementor-button elementor-size-sm\" type=\"submit\">\n\t\t\t\t\t\t<span class=\"elementor-button-content-wrapper\">\n\t\t\t\t\t\t\t\t\t\t\t\t\t\t\t\t\t\t\t\t\t\t<span class=\"elementor-button-text\">Cont\u00e1ctanos<\/span>\n\t\t\t\t\t\t\t\t\t\t\t\t\t<\/span>\n\t\t\t\t\t<\/button>\n\t\t\t\t<\/div>\n\t\t\t<\/div>\n\t\t<\/form>\n\t\t\t\t\t\t<\/div>\n\t\t\t\t<\/div>\n\t\t\t\t<\/div>\n\t\t\t\t\t<\/div>\n\t\t\t\t<\/div>\n\t\t\t\t<\/div>\n\t\t","protected":false},"excerpt":{"rendered":"<p>Ingenier\u00eda concurrente Nuestros servicios de ingenier\u00eda concurrente se adaptan a las necesidades espec\u00edficas de la aplicaci\u00f3n de sellantes aeroespaciales, cubriendo todos los escenarios, desde cualquier cord\u00f3n de sellante est\u00e1ndar hasta aplicaciones complejas y personalizadas. Atendemos a l\u00edderes de la industria como Airbus y sus fabricantes de aeroestructuras Tier 1, ofreciendo nuestra experiencia en el proceso [&hellip;]<\/p>\n","protected":false},"author":23,"featured_media":3948,"parent":0,"menu_order":0,"comment_status":"closed","ping_status":"closed","template":"","meta":{"_acf_changed":false,"_monsterinsights_skip_tracking":false,"_monsterinsights_sitenote_active":false,"_monsterinsights_sitenote_note":"","_monsterinsights_sitenote_category":0,"footnotes":""},"class_list":["post-4812","page","type-page","status-publish","has-post-thumbnail","hentry"],"acf":[],"aioseo_notices":[],"_links":{"self":[{"href":"https:\/\/asa-ss.com\/es\/wp-json\/wp\/v2\/pages\/4812","targetHints":{"allow":["GET"]}}],"collection":[{"href":"https:\/\/asa-ss.com\/es\/wp-json\/wp\/v2\/pages"}],"about":[{"href":"https:\/\/asa-ss.com\/es\/wp-json\/wp\/v2\/types\/page"}],"author":[{"embeddable":true,"href":"https:\/\/asa-ss.com\/es\/wp-json\/wp\/v2\/users\/23"}],"replies":[{"embeddable":true,"href":"https:\/\/asa-ss.com\/es\/wp-json\/wp\/v2\/comments?post=4812"}],"version-history":[{"count":2,"href":"https:\/\/asa-ss.com\/es\/wp-json\/wp\/v2\/pages\/4812\/revisions"}],"predecessor-version":[{"id":4829,"href":"https:\/\/asa-ss.com\/es\/wp-json\/wp\/v2\/pages\/4812\/revisions\/4829"}],"wp:featuredmedia":[{"embeddable":true,"href":"https:\/\/asa-ss.com\/es\/wp-json\/wp\/v2\/media\/3948"}],"wp:attachment":[{"href":"https:\/\/asa-ss.com\/es\/wp-json\/wp\/v2\/media?parent=4812"}],"curies":[{"name":"wp","href":"https:\/\/api.w.org\/{rel}","templated":true}]}}