{"id":4236,"date":"2024-01-30T08:53:09","date_gmt":"2024-01-30T06:53:09","guid":{"rendered":"https:\/\/asa-ss.com\/dichtstoff-automatisierung\/"},"modified":"2026-04-21T12:14:48","modified_gmt":"2026-04-21T10:14:48","slug":"dichtstoff-automatisierung","status":"publish","type":"page","link":"https:\/\/asa-ss.com\/de\/dichtstoff-automatisierung\/","title":{"rendered":"Automatisierung"},"content":{"rendered":"\t\t<div data-elementor-type=\"wp-page\" data-elementor-id=\"4236\" class=\"elementor elementor-4236 elementor-83\" data-elementor-post-type=\"page\">\n\t\t\t\t<div class=\"elementor-element elementor-element-bd87d04 e-flex e-con-boxed e-con e-parent\" data-id=\"bd87d04\" data-element_type=\"container\" data-e-type=\"container\">\n\t\t\t\t\t<div class=\"e-con-inner\">\n\t\t<div class=\"elementor-element elementor-element-7ae4b82 e-con-full e-flex e-con e-child\" data-id=\"7ae4b82\" data-element_type=\"container\" data-e-type=\"container\">\n\t\t\t\t<div class=\"elementor-element elementor-element-34e515d elementor-widget elementor-widget-heading\" data-id=\"34e515d\" data-element_type=\"widget\" data-e-type=\"widget\" data-widget_type=\"heading.default\">\n\t\t\t\t<div class=\"elementor-widget-container\">\n\t\t\t\t\t<h1 class=\"elementor-heading-title elementor-size-default\">Automatisierung<\/h1>\t\t\t\t<\/div>\n\t\t\t\t<\/div>\n\t\t\t\t<\/div>\n\t\t\t\t\t<\/div>\n\t\t\t\t<\/div>\n\t\t<div class=\"elementor-element elementor-element-1a0c52e e-flex e-con-boxed e-con e-parent\" data-id=\"1a0c52e\" data-element_type=\"container\" data-e-type=\"container\">\n\t\t\t\t\t<div class=\"e-con-inner\">\n\t\t<div class=\"elementor-element elementor-element-2c3164b e-con-full e-flex e-con e-child\" data-id=\"2c3164b\" data-element_type=\"container\" data-e-type=\"container\">\n\t\t\t\t<div class=\"elementor-element elementor-element-b5144ea elementor-widget elementor-widget-text-editor\" data-id=\"b5144ea\" data-element_type=\"widget\" data-e-type=\"widget\" data-widget_type=\"text-editor.default\">\n\t\t\t\t<div class=\"elementor-widget-container\">\n\t\t\t\t\t\t\t\t\t<p><strong>Wir pr\u00e4sentieren unseren automatischen Dichtstoff-Endeffektor<\/strong>, einen Meilenstein f\u00fcr Pr\u00e4zision und Effizienz in der automatisierten Fertigung. Dieses fortschrittliche Werkzeug zur Dichtstoff-Automatisierung wurde entwickelt, um die Applikation von Dichtstoffen zu revolutionieren und bietet unvergleichliche Genauigkeit, Konsistenz und Produktivit\u00e4tsvorteile. Durch seine pr\u00e4zisen Dosierfunktionen eliminiert er manuelle Fehler und reduziert den Materialabfall. Dank seiner Anpassungsf\u00e4higkeit und Vielseitigkeit l\u00e4sst er sich nahtlos in bestehende Linien integrieren und eignet sich f\u00fcr verschiedene Dichtstoffe und Anwendungen. Dar\u00fcber hinaus sorgt sein Design f\u00fcr hohen Durchsatz und Effizienz f\u00fcr erhebliche Kosteneinsparungen und verbesserte Produktionsraten.    <\/p><p>Ausgestattet mit Siemens-SPS und Kommunikationstools verf\u00fcgt der Endeffektor \u00fcber eine intuitive Bedienoberfl\u00e4che, unterst\u00fctzt durch eine umfassende Funktionsbibliothek f\u00fcr optimierte Abl\u00e4ufe. Seine technische Leistungsf\u00e4higkeit zeigt sich in seinen Spezifikationen: leicht und dennoch robust, kompatibel mit verschiedenen Roboterplattformen und entwickelt f\u00fcr optimale Leistung unter wechselnden Bedingungen. <\/p>\t\t\t\t\t\t\t\t<\/div>\n\t\t\t\t<\/div>\n\t\t\t\t<\/div>\n\t\t<div class=\"elementor-element elementor-element-bda4ad1 e-con-full e-flex e-con e-child\" data-id=\"bda4ad1\" data-element_type=\"container\" data-e-type=\"container\">\n\t\t\t\t<div class=\"elementor-element elementor-element-13c7dd3 elementor-widget elementor-widget-image\" data-id=\"13c7dd3\" data-element_type=\"widget\" data-e-type=\"widget\" data-widget_type=\"image.default\">\n\t\t\t\t<div class=\"elementor-widget-container\">\n\t\t\t\t\t\t\t\t\t\t\t\t\t\t\t<img fetchpriority=\"high\" decoding=\"async\" width=\"640\" height=\"427\" src=\"https:\/\/asa-ss.com\/wp-content\/uploads\/2024\/07\/IMG_0872-1024x683.jpg\" class=\"attachment-large size-large wp-image-4249\" alt=\"Endeffektor f\u00fcr die Dichtstoffautomatisierung - Anwendung von Luft- und Raumfahrtdichtstoffen\" srcset=\"https:\/\/asa-ss.com\/wp-content\/uploads\/2024\/07\/IMG_0872-1024x683.jpg 1024w, https:\/\/asa-ss.com\/wp-content\/uploads\/2024\/07\/IMG_0872-300x200.jpg 300w, https:\/\/asa-ss.com\/wp-content\/uploads\/2024\/07\/IMG_0872-768x512.jpg 768w, https:\/\/asa-ss.com\/wp-content\/uploads\/2024\/07\/IMG_0872-1536x1024.jpg 1536w, https:\/\/asa-ss.com\/wp-content\/uploads\/2024\/07\/IMG_0872-2048x1365.jpg 2048w, https:\/\/asa-ss.com\/wp-content\/uploads\/2024\/07\/IMG_0872-600x400.jpg 600w\" sizes=\"(max-width: 640px) 100vw, 640px\" \/>\t\t\t\t\t\t\t\t\t\t\t\t\t\t\t<\/div>\n\t\t\t\t<\/div>\n\t\t\t\t<\/div>\n\t\t\t\t\t<\/div>\n\t\t\t\t<\/div>\n\t\t<div class=\"elementor-element elementor-element-cbe47a9 e-flex e-con-boxed e-con e-parent\" data-id=\"cbe47a9\" data-element_type=\"container\" data-e-type=\"container\">\n\t\t\t\t\t<div class=\"e-con-inner\">\n\t\t<div class=\"elementor-element elementor-element-9a5ec4d e-con-full e-flex e-con e-child\" data-id=\"9a5ec4d\" data-element_type=\"container\" data-e-type=\"container\">\n\t\t\t\t<div class=\"elementor-element elementor-element-32ac5a3 elementor-widget elementor-widget-image\" data-id=\"32ac5a3\" data-element_type=\"widget\" data-e-type=\"widget\" data-widget_type=\"image.default\">\n\t\t\t\t<div class=\"elementor-widget-container\">\n\t\t\t\t\t\t\t\t\t\t\t\t\t\t\t<img decoding=\"async\" width=\"640\" height=\"960\" src=\"https:\/\/asa-ss.com\/wp-content\/uploads\/2024\/06\/IMG_0843-683x1024.jpg\" class=\"attachment-large size-large wp-image-4245\" alt=\"Endeffektor f\u00fcr die Dichtstoffautomatisierung - Anwendung von Luft- und Raumfahrtdichtstoffen\" srcset=\"https:\/\/asa-ss.com\/wp-content\/uploads\/2024\/06\/IMG_0843-683x1024.jpg 683w, https:\/\/asa-ss.com\/wp-content\/uploads\/2024\/06\/IMG_0843-200x300.jpg 200w, https:\/\/asa-ss.com\/wp-content\/uploads\/2024\/06\/IMG_0843-768x1152.jpg 768w, https:\/\/asa-ss.com\/wp-content\/uploads\/2024\/06\/IMG_0843-1024x1536.jpg 1024w, https:\/\/asa-ss.com\/wp-content\/uploads\/2024\/06\/IMG_0843-1365x2048.jpg 1365w, https:\/\/asa-ss.com\/wp-content\/uploads\/2024\/06\/IMG_0843-600x900.jpg 600w, https:\/\/asa-ss.com\/wp-content\/uploads\/2024\/06\/IMG_0843-scaled.jpg 1707w\" sizes=\"(max-width: 640px) 100vw, 640px\" \/>\t\t\t\t\t\t\t\t\t\t\t\t\t\t\t<\/div>\n\t\t\t\t<\/div>\n\t\t\t\t<\/div>\n\t\t<div class=\"elementor-element elementor-element-ac06b1f e-con-full e-flex e-con e-child\" data-id=\"ac06b1f\" data-element_type=\"container\" data-e-type=\"container\">\n\t\t\t\t<div class=\"elementor-element elementor-element-229773b elementor-widget elementor-widget-text-editor\" data-id=\"229773b\" data-element_type=\"widget\" data-e-type=\"widget\" data-widget_type=\"text-editor.default\">\n\t\t\t\t<div class=\"elementor-widget-container\">\n\t\t\t\t\t\t\t\t\t<p>Dar\u00fcber hinaus geht unsere L\u00f6sung \u00fcber den Endeffektor hinaus und bietet eine <strong>schl\u00fcsselfertige Dichtstoff-Prozessl\u00f6sung<\/strong>. Diese umfasst ein robotergest\u00fctztes Applikationssystem, das durch ein benutzerfreundliches <strong>HMI<\/strong> f\u00fcr eine m\u00fchelose Prozesssteuerung erg\u00e4nzt wird und sich somit ideal f\u00fcr unterschiedlichste Fertigungsumgebungen eignet. Im Hinblick auf <strong>Industrie 4.0<\/strong> entwickelt, erm\u00f6glicht sie den vollen Datenzugriff und die Integration in intelligente Fertigungssysteme.  <\/p><p>Im Wesentlichen verk\u00f6rpern unser automatischer Dichtstoff-Endeffektor und unsere Prozessl\u00f6sung die transformative Kraft der Automatisierung. Sie optimieren nicht nur die Fertigungsprozesse, sondern ebnen auch den Weg f\u00fcr Innovation und Wachstum in einer zunehmend automatisierten und wettbewerbsintensiven Landschaft. <\/p>\t\t\t\t\t\t\t\t<\/div>\n\t\t\t\t<\/div>\n\t\t\t\t<\/div>\n\t\t\t\t\t<\/div>\n\t\t\t\t<\/div>\n\t\t<div class=\"elementor-element elementor-element-1e990cae e-flex e-con-boxed e-con e-parent\" data-id=\"1e990cae\" data-element_type=\"container\" data-e-type=\"container\">\n\t\t\t\t\t<div class=\"e-con-inner\">\n\t\t\t\t<div class=\"elementor-element elementor-element-37f34406 elementor-align-center elementor-widget elementor-widget-button\" data-id=\"37f34406\" data-element_type=\"widget\" data-e-type=\"widget\" data-widget_type=\"button.default\">\n\t\t\t\t<div class=\"elementor-widget-container\">\n\t\t\t\t\t\t\t\t\t<div class=\"elementor-button-wrapper\">\n\t\t\t\t\t<a class=\"elementor-button elementor-button-link elementor-size-sm\" href=\"https:\/\/asa-ss.com\/wp-content\/uploads\/2024\/10\/Sealant-Automation-Aerospace-Sealant-Application-ASA.pdf\" target=\"_blank\" download=\"Sealant-Automation-Aerospace-Sealant-Application-ASA.pdf\">\n\t\t\t\t\t\t<span class=\"elementor-button-content-wrapper\">\n\t\t\t\t\t\t\t\t\t<span class=\"elementor-button-text\">Dichtstoff-Automatisierung PDF herunterladen<\/span>\n\t\t\t\t\t<\/span>\n\t\t\t\t\t<\/a>\n\t\t\t\t<\/div>\n\t\t\t\t\t\t\t\t<\/div>\n\t\t\t\t<\/div>\n\t\t\t\t\t<\/div>\n\t\t\t\t<\/div>\n\t\t<div class=\"elementor-element elementor-element-52aea953 e-flex e-con-boxed e-con e-parent\" data-id=\"52aea953\" data-element_type=\"container\" data-e-type=\"container\">\n\t\t\t\t\t<div class=\"e-con-inner\">\n\t\t<div class=\"elementor-element elementor-element-76d69e44 e-con-full e-flex e-con e-child\" data-id=\"76d69e44\" data-element_type=\"container\" data-e-type=\"container\">\n\t\t\t\t<div class=\"elementor-element elementor-element-270449a6 elementor-widget elementor-widget-motta-heading\" data-id=\"270449a6\" data-element_type=\"widget\" data-e-type=\"widget\" data-widget_type=\"motta-heading.default\">\n\t\t\t\t<div class=\"elementor-widget-container\">\n\t\t\t\t\t\t\t<div class=\"motta-heading-elementor motta-heading__button-on\">\r\n\t\t\t\t<h2 class=\"motta-heading motta-heading--default\">\r\n\t\t\t\t\tKontaktieren Sie uns\t\t\t\t<\/h2>\r\n\t\t\t\t\t\t\t<\/div>\r\n\t\t\t\t\t\t<\/div>\n\t\t\t\t<\/div>\n\t\t\t\t<div class=\"elementor-element elementor-element-2fbf5458 elementor-widget elementor-widget-motta-heading\" data-id=\"2fbf5458\" data-element_type=\"widget\" data-e-type=\"widget\" data-widget_type=\"motta-heading.default\">\n\t\t\t\t<div class=\"elementor-widget-container\">\n\t\t\t\t\t\t\t<div class=\"motta-heading-elementor motta-heading__button-on\">\r\n\t\t\t\t<p class=\"motta-heading motta-heading--default\">\r\n\t\t\t\t\tUnser freundliches Team ist immer f\u00fcr ein Gespr\u00e4ch da.\t\t\t\t<\/p>\r\n\t\t\t\t\t\t\t<\/div>\r\n\t\t\t\t\t\t<\/div>\n\t\t\t\t<\/div>\n\t\t<div class=\"elementor-element elementor-element-5fa92eac e-flex e-con-boxed e-con e-child\" data-id=\"5fa92eac\" data-element_type=\"container\" data-e-type=\"container\">\n\t\t\t\t\t<div class=\"e-con-inner\">\n\t\t<div class=\"elementor-element elementor-element-73cd471b e-con-full e-flex e-con e-child\" data-id=\"73cd471b\" data-element_type=\"container\" data-e-type=\"container\">\n\t\t\t\t<div class=\"elementor-element elementor-element-3f3a3978 elementor-view-default elementor-widget elementor-widget-icon\" data-id=\"3f3a3978\" data-element_type=\"widget\" data-e-type=\"widget\" data-widget_type=\"icon.default\">\n\t\t\t\t<div class=\"elementor-widget-container\">\n\t\t\t\t\t\t\t<div class=\"elementor-icon-wrapper\">\n\t\t\t<div class=\"elementor-icon\">\n\t\t\t<svg aria-hidden=\"true\" class=\"e-font-icon-svg e-fab-whatsapp\" viewBox=\"0 0 448 512\" xmlns=\"http:\/\/www.w3.org\/2000\/svg\"><path d=\"M380.9 97.1C339 55.1 283.2 32 223.9 32c-122.4 0-222 99.6-222 222 0 39.1 10.2 77.3 29.6 111L0 480l117.7-30.9c32.4 17.7 68.9 27 106.1 27h.1c122.3 0 224.1-99.6 224.1-222 0-59.3-25.2-115-67.1-157zm-157 341.6c-33.2 0-65.7-8.9-94-25.7l-6.7-4-69.8 18.3L72 359.2l-4.4-7c-18.5-29.4-28.2-63.3-28.2-98.2 0-101.7 82.8-184.5 184.6-184.5 49.3 0 95.6 19.2 130.4 54.1 34.8 34.9 56.2 81.2 56.1 130.5 0 101.8-84.9 184.6-186.6 184.6zm101.2-138.2c-5.5-2.8-32.8-16.2-37.9-18-5.1-1.9-8.8-2.8-12.5 2.8-3.7 5.6-14.3 18-17.6 21.8-3.2 3.7-6.5 4.2-12 1.4-32.6-16.3-54-29.1-75.5-66-5.7-9.8 5.7-9.1 16.3-30.3 1.8-3.7.9-6.9-.5-9.7-1.4-2.8-12.5-30.1-17.1-41.2-4.5-10.8-9.1-9.3-12.5-9.5-3.2-.2-6.9-.2-10.6-.2-3.7 0-9.7 1.4-14.8 6.9-5.1 5.6-19.4 19-19.4 46.3 0 27.3 19.9 53.7 22.6 57.4 2.8 3.7 39.1 59.7 94.8 83.8 35.2 15.2 49 16.5 66.6 13.9 10.7-1.6 32.8-13.4 37.4-26.4 4.6-13 4.6-24.1 3.2-26.4-1.3-2.5-5-3.9-10.5-6.6z\"><\/path><\/svg>\t\t\t<\/div>\n\t\t<\/div>\n\t\t\t\t\t\t<\/div>\n\t\t\t\t<\/div>\n\t\t\t\t<div class=\"elementor-element elementor-element-2a87401a motta-tablet-icon-box__icon-position--top motta-mobile-icon-box__icon-position--top motta-icon-box__icon-alignment--left motta-icon-box__icon-position--top elementor-widget elementor-widget-motta-icon-box\" data-id=\"2a87401a\" data-element_type=\"widget\" data-e-type=\"widget\" data-widget_type=\"motta-icon-box.default\">\n\t\t\t\t<div class=\"elementor-widget-container\">\n\t\t\t\t\t\t\t<div class=\"motta-icon-box icon-type-icon\">\r\n\t\t\t\t\t\t<div class=\"motta-icon-box__wrapper\">\r\n\t\t\t\t\t\t\t\t\t<div class=\"motta-icon-box__title\">Whatsapp<\/div>\r\n\t\t\t\t\t\t\t\t\t\t\t\t\t\t\t\t\t\t\t<a class=\"motta-button motta-button-primary  motta-button--subtle  motta-button--color-black  motta-button--medium\" href=\"\">\n\t\t\t\t\t\t\t\t\t\t\t\t<span class=\"motta-button__text\">Chatten Sie mit uns<\/span>\n\t\t\t\t\t\t<\/a>\n\t\t\t\t\t\t\t\t\t<\/div>\r\n\t\t\t\t\t<\/div>\r\n\t\t\t\t\t\t<\/div>\n\t\t\t\t<\/div>\n\t\t\t\t<\/div>\n\t\t<div class=\"elementor-element elementor-element-82c0eb1 e-con-full e-flex e-con e-child\" data-id=\"82c0eb1\" data-element_type=\"container\" data-e-type=\"container\">\n\t\t\t\t<div class=\"elementor-element elementor-element-2c5c2b72 elementor-view-default elementor-widget elementor-widget-icon\" data-id=\"2c5c2b72\" data-element_type=\"widget\" data-e-type=\"widget\" data-widget_type=\"icon.default\">\n\t\t\t\t<div class=\"elementor-widget-container\">\n\t\t\t\t\t\t\t<div class=\"elementor-icon-wrapper\">\n\t\t\t<div class=\"elementor-icon\">\n\t\t\t<svg aria-hidden=\"true\" class=\"e-font-icon-svg e-fas-phone-alt\" viewBox=\"0 0 512 512\" xmlns=\"http:\/\/www.w3.org\/2000\/svg\"><path d=\"M497.39 361.8l-112-48a24 24 0 0 0-28 6.9l-49.6 60.6A370.66 370.66 0 0 1 130.6 204.11l60.6-49.6a23.94 23.94 0 0 0 6.9-28l-48-112A24.16 24.16 0 0 0 122.6.61l-104 24A24 24 0 0 0 0 48c0 256.5 207.9 464 464 464a24 24 0 0 0 23.4-18.6l24-104a24.29 24.29 0 0 0-14.01-27.6z\"><\/path><\/svg>\t\t\t<\/div>\n\t\t<\/div>\n\t\t\t\t\t\t<\/div>\n\t\t\t\t<\/div>\n\t\t\t\t<div class=\"elementor-element elementor-element-1eda7051 motta-tablet-icon-box__icon-position--top motta-mobile-icon-box__icon-position--top motta-icon-box__icon-alignment--left motta-icon-box__icon-position--top elementor-widget elementor-widget-motta-icon-box\" data-id=\"1eda7051\" data-element_type=\"widget\" data-e-type=\"widget\" data-widget_type=\"motta-icon-box.default\">\n\t\t\t\t<div class=\"elementor-widget-container\">\n\t\t\t\t\t\t\t<div class=\"motta-icon-box icon-type-icon\">\r\n\t\t\t\t\t\t<div class=\"motta-icon-box__wrapper\">\r\n\t\t\t\t\t\t\t\t\t<div class=\"motta-icon-box__title\">Kundenservice<\/div>\r\n\t\t\t\t\t\t\t\t\t\t\t\t\t\t\t\t\t\t\t<a class=\"motta-button motta-button-primary  motta-button--subtle  motta-button--color-black  motta-button--medium\" href=\"tel:+34915191387\">\n\t\t\t\t\t\t\t\t\t\t\t\t<span class=\"motta-button__text\">+34 915 191 387<\/span>\n\t\t\t\t\t\t<\/a>\n\t\t\t\t\t\t\t\t\t<\/div>\r\n\t\t\t\t\t<\/div>\r\n\t\t\t\t\t\t<\/div>\n\t\t\t\t<\/div>\n\t\t\t\t<\/div>\n\t\t<div class=\"elementor-element elementor-element-420104c e-con-full e-flex e-con e-child\" data-id=\"420104c\" data-element_type=\"container\" data-e-type=\"container\">\n\t\t\t\t<div class=\"elementor-element elementor-element-41874784 elementor-view-default elementor-widget elementor-widget-icon\" data-id=\"41874784\" data-element_type=\"widget\" data-e-type=\"widget\" data-widget_type=\"icon.default\">\n\t\t\t\t<div class=\"elementor-widget-container\">\n\t\t\t\t\t\t\t<div class=\"elementor-icon-wrapper\">\n\t\t\t<div class=\"elementor-icon\">\n\t\t\t<svg aria-hidden=\"true\" class=\"e-font-icon-svg e-far-envelope\" viewBox=\"0 0 512 512\" xmlns=\"http:\/\/www.w3.org\/2000\/svg\"><path d=\"M464 64H48C21.49 64 0 85.49 0 112v288c0 26.51 21.49 48 48 48h416c26.51 0 48-21.49 48-48V112c0-26.51-21.49-48-48-48zm0 48v40.805c-22.422 18.259-58.168 46.651-134.587 106.49-16.841 13.247-50.201 45.072-73.413 44.701-23.208.375-56.579-31.459-73.413-44.701C106.18 199.465 70.425 171.067 48 152.805V112h416zM48 400V214.398c22.914 18.251 55.409 43.862 104.938 82.646 21.857 17.205 60.134 55.186 103.062 54.955 42.717.231 80.509-37.199 103.053-54.947 49.528-38.783 82.032-64.401 104.947-82.653V400H48z\"><\/path><\/svg>\t\t\t<\/div>\n\t\t<\/div>\n\t\t\t\t\t\t<\/div>\n\t\t\t\t<\/div>\n\t\t\t\t<div class=\"elementor-element elementor-element-fed4fa0 motta-tablet-icon-box__icon-position--top motta-mobile-icon-box__icon-position--top motta-icon-box__icon-alignment--left motta-icon-box__icon-position--top elementor-widget elementor-widget-motta-icon-box\" data-id=\"fed4fa0\" data-element_type=\"widget\" data-e-type=\"widget\" data-widget_type=\"motta-icon-box.default\">\n\t\t\t\t<div class=\"elementor-widget-container\">\n\t\t\t\t\t\t\t<div class=\"motta-icon-box icon-type-icon\">\r\n\t\t\t\t\t\t<div class=\"motta-icon-box__wrapper\">\r\n\t\t\t\t\t\t\t\t\t<div class=\"motta-icon-box__title\">Email<\/div>\r\n\t\t\t\t\t\t\t\t\t\t\t\t\t\t\t\t\t\t\t<a class=\"motta-button motta-button-primary  motta-button--subtle  motta-button--color-black  motta-button--medium\" href=\"mailto:info@asa-ss.com\">\n\t\t\t\t\t\t\t\t\t\t\t\t<span class=\"motta-button__text\">Schreiben Sie uns hier eine E-Mail!<\/span>\n\t\t\t\t\t\t<\/a>\n\t\t\t\t\t\t\t\t\t<\/div>\r\n\t\t\t\t\t<\/div>\r\n\t\t\t\t\t\t<\/div>\n\t\t\t\t<\/div>\n\t\t\t\t<\/div>\n\t\t\t\t\t<\/div>\n\t\t\t\t<\/div>\n\t\t\t\t<\/div>\n\t\t<div class=\"elementor-element elementor-element-1c222723 e-con-full e-flex e-con e-child\" data-id=\"1c222723\" data-element_type=\"container\" data-e-type=\"container\" data-settings=\"{&quot;background_background&quot;:&quot;classic&quot;}\">\n\t\t\t\t<div class=\"elementor-element elementor-element-2f5b10b7 elementor-button-align-stretch elementor-widget elementor-widget-global elementor-global-4314 elementor-global-146 elementor-widget-form\" data-id=\"2f5b10b7\" data-element_type=\"widget\" data-e-type=\"widget\" data-settings=\"{&quot;step_next_label&quot;:&quot;Weiter&quot;,&quot;step_previous_label&quot;:&quot;Zur\\u00fcck&quot;,&quot;button_width&quot;:&quot;100&quot;,&quot;step_type&quot;:&quot;number_text&quot;,&quot;step_icon_shape&quot;:&quot;circle&quot;}\" data-widget_type=\"form.default\">\n\t\t\t\t<div class=\"elementor-widget-container\">\n\t\t\t\t\t\t\t<form class=\"elementor-form\" method=\"post\" name=\"Kontakt1\" aria-label=\"Kontakt1\">\n\t\t\t<input type=\"hidden\" name=\"post_id\" value=\"4236\"\/>\n\t\t\t<input type=\"hidden\" name=\"form_id\" value=\"2f5b10b7\"\/>\n\t\t\t<input type=\"hidden\" name=\"referer_title\" value=\"\" \/>\n\n\t\t\t\n\t\t\t<div class=\"elementor-form-fields-wrapper elementor-labels-above\">\n\t\t\t\t\t\t\t\t<div class=\"elementor-field-type-text elementor-field-group elementor-column elementor-field-group-name elementor-col-50\">\n\t\t\t\t\t\t\t\t\t\t\t\t<label for=\"form-field-name\" class=\"elementor-field-label\">\n\t\t\t\t\t\t\t\tName\t\t\t\t\t\t\t<\/label>\n\t\t\t\t\t\t\t\t\t\t\t\t\t\t<input size=\"1\" type=\"text\" name=\"form_fields[name]\" id=\"form-field-name\" class=\"elementor-field elementor-size-sm  elementor-field-textual\" placeholder=\"Wie ist Ihr Name?\">\n\t\t\t\t\t\t\t\t\t\t\t<\/div>\n\t\t\t\t\t\t\t\t<div class=\"elementor-field-type-email elementor-field-group elementor-column elementor-field-group-email elementor-col-50 elementor-field-required\">\n\t\t\t\t\t\t\t\t\t\t\t\t<label for=\"form-field-email\" class=\"elementor-field-label\">\n\t\t\t\t\t\t\t\tEmail\t\t\t\t\t\t\t<\/label>\n\t\t\t\t\t\t\t\t\t\t\t\t\t\t<input size=\"1\" type=\"email\" name=\"form_fields[email]\" id=\"form-field-email\" class=\"elementor-field elementor-size-sm  elementor-field-textual\" placeholder=\"Wie lautet Ihre E-Mail-Adresse?\" required=\"required\">\n\t\t\t\t\t\t\t\t\t\t\t<\/div>\n\t\t\t\t\t\t\t\t<div class=\"elementor-field-type-select elementor-field-group elementor-column elementor-field-group-field_4ec2305 elementor-col-100 elementor-field-required\">\n\t\t\t\t\t\t\t\t\t\t\t\t<label for=\"form-field-field_4ec2305\" class=\"elementor-field-label\">\n\t\t\t\t\t\t\t\tBetreff\t\t\t\t\t\t\t<\/label>\n\t\t\t\t\t\t\t\t<div class=\"elementor-field elementor-select-wrapper remove-before \">\n\t\t\t<div class=\"select-caret-down-wrapper\">\n\t\t\t\t<svg aria-hidden=\"true\" class=\"e-font-icon-svg e-eicon-caret-down\" viewBox=\"0 0 571.4 571.4\" xmlns=\"http:\/\/www.w3.org\/2000\/svg\"><path d=\"M571 393Q571 407 561 418L311 668Q300 679 286 679T261 668L11 418Q0 407 0 393T11 368 36 357H536Q550 357 561 368T571 393Z\"><\/path><\/svg>\t\t\t<\/div>\n\t\t\t<select name=\"form_fields[field_4ec2305]\" id=\"form-field-field_4ec2305\" class=\"elementor-field-textual elementor-size-sm\" required=\"required\">\n\t\t\t\t\t\t\t\t\t<option value=\"Anfrage\">Anfrage<\/option>\n\t\t\t\t\t\t\t\t\t<option value=\"Angebot\">Angebot<\/option>\n\t\t\t\t\t\t\t\t\t<option value=\"Support\">Support<\/option>\n\t\t\t\t\t\t\t\t\t<option value=\"Katalog\">Katalog<\/option>\n\t\t\t\t\t\t\t\t\t<option value=\"Zusammenarbeit\">Zusammenarbeit<\/option>\n\t\t\t\t\t\t\t\t\t<option value=\"Muster\">Muster<\/option>\n\t\t\t\t\t\t\t\t\t<option value=\"Sendungsverfolgung\">Sendungsverfolgung<\/option>\n\t\t\t\t\t\t\t\t\t<option value=\"Sonstiges\">Sonstiges<\/option>\n\t\t\t\t\t\t\t<\/select>\n\t\t<\/div>\n\t\t\t\t\t\t<\/div>\n\t\t\t\t\t\t\t\t<div class=\"elementor-field-type-text elementor-field-group elementor-column elementor-field-group-field_b4f5ddc elementor-col-100 elementor-field-required\">\n\t\t\t\t\t\t\t\t\t\t\t\t<label for=\"form-field-field_b4f5ddc\" class=\"elementor-field-label\">\n\t\t\t\t\t\t\t\tBeschreibung\t\t\t\t\t\t\t<\/label>\n\t\t\t\t\t\t\t\t\t\t\t\t\t\t<input size=\"1\" type=\"text\" name=\"form_fields[field_b4f5ddc]\" id=\"form-field-field_b4f5ddc\" class=\"elementor-field elementor-size-sm  elementor-field-textual\" placeholder=\"Nachricht\" required=\"required\">\n\t\t\t\t\t\t\t\t\t\t\t<\/div>\n\t\t\t\t\t\t\t\t<div class=\"elementor-field-type-acceptance elementor-field-group elementor-column elementor-field-group-field_fcdbd95 elementor-col-100\">\n\t\t\t\t\t\t\t<div class=\"elementor-field-subgroup\">\n\t\t\t<span class=\"elementor-field-option\">\n\t\t\t\t<input type=\"checkbox\" name=\"form_fields[field_fcdbd95]\" id=\"form-field-field_fcdbd95\" class=\"elementor-field elementor-size-sm  elementor-acceptance-field\">\n\t\t\t\t<label for=\"form-field-field_fcdbd95\">Sie stimmen unserer Datenschutzerkl\u00e4rung zu.<\/label>\t\t\t<\/span>\n\t\t<\/div>\n\t\t\t\t\t\t<\/div>\n\t\t\t\t\t\t\t\t<div class=\"elementor-field-group elementor-column elementor-field-type-submit elementor-col-100 e-form__buttons\">\n\t\t\t\t\t<button class=\"elementor-button elementor-size-sm\" type=\"submit\">\n\t\t\t\t\t\t<span class=\"elementor-button-content-wrapper\">\n\t\t\t\t\t\t\t\t\t\t\t\t\t\t\t\t\t\t\t\t\t\t<span class=\"elementor-button-text\">Kontaktieren Sie uns<\/span>\n\t\t\t\t\t\t\t\t\t\t\t\t\t<\/span>\n\t\t\t\t\t<\/button>\n\t\t\t\t<\/div>\n\t\t\t<\/div>\n\t\t<\/form>\n\t\t\t\t\t\t<\/div>\n\t\t\t\t<\/div>\n\t\t\t\t<\/div>\n\t\t\t\t\t<\/div>\n\t\t\t\t<\/div>\n\t\t\t\t<\/div>\n\t\t","protected":false},"excerpt":{"rendered":"<p>Automatisierung Wir pr\u00e4sentieren unseren automatischen Dichtstoff-Endeffektor, einen Meilenstein f\u00fcr Pr\u00e4zision und Effizienz in der automatisierten Fertigung. Dieses fortschrittliche Werkzeug zur Dichtstoff-Automatisierung wurde entwickelt, um die Applikation von Dichtstoffen zu revolutionieren und bietet unvergleichliche Genauigkeit, Konsistenz und Produktivit\u00e4tsvorteile. Durch seine pr\u00e4zisen Dosierfunktionen eliminiert er manuelle Fehler und reduziert den Materialabfall. Dank seiner Anpassungsf\u00e4higkeit und Vielseitigkeit l\u00e4sst [&hellip;]<\/p>\n","protected":false},"author":23,"featured_media":4245,"parent":0,"menu_order":0,"comment_status":"closed","ping_status":"closed","template":"","meta":{"_acf_changed":false,"_monsterinsights_skip_tracking":false,"_monsterinsights_sitenote_active":false,"_monsterinsights_sitenote_note":"","_monsterinsights_sitenote_category":0,"footnotes":""},"class_list":["post-4236","page","type-page","status-publish","has-post-thumbnail","hentry"],"acf":[],"aioseo_notices":[],"_links":{"self":[{"href":"https:\/\/asa-ss.com\/de\/wp-json\/wp\/v2\/pages\/4236","targetHints":{"allow":["GET"]}}],"collection":[{"href":"https:\/\/asa-ss.com\/de\/wp-json\/wp\/v2\/pages"}],"about":[{"href":"https:\/\/asa-ss.com\/de\/wp-json\/wp\/v2\/types\/page"}],"author":[{"embeddable":true,"href":"https:\/\/asa-ss.com\/de\/wp-json\/wp\/v2\/users\/23"}],"replies":[{"embeddable":true,"href":"https:\/\/asa-ss.com\/de\/wp-json\/wp\/v2\/comments?post=4236"}],"version-history":[{"count":4,"href":"https:\/\/asa-ss.com\/de\/wp-json\/wp\/v2\/pages\/4236\/revisions"}],"predecessor-version":[{"id":4751,"href":"https:\/\/asa-ss.com\/de\/wp-json\/wp\/v2\/pages\/4236\/revisions\/4751"}],"wp:featuredmedia":[{"embeddable":true,"href":"https:\/\/asa-ss.com\/de\/wp-json\/wp\/v2\/media\/4245"}],"wp:attachment":[{"href":"https:\/\/asa-ss.com\/de\/wp-json\/wp\/v2\/media?parent=4236"}],"curies":[{"name":"wp","href":"https:\/\/api.w.org\/{rel}","templated":true}]}}